{"id":164,"date":"2025-05-29T20:54:32","date_gmt":"2025-05-29T20:54:32","guid":{"rendered":"https:\/\/elektronotomotiv.com\/?page_id=164"},"modified":"2025-06-02T17:24:48","modified_gmt":"2025-06-02T17:24:48","slug":"foorthing-t5-evo","status":"publish","type":"page","link":"http:\/\/elektronotomotiv.com\/index.php\/foorthing-t5-evo\/","title":{"rendered":"Foorthing T5 Evo"},"content":{"rendered":"\t\t<div data-elementor-type=\"wp-page\" data-elementor-id=\"164\" class=\"elementor elementor-164\">\n\t\t\t\t\t\t<section class=\"elementor-section elementor-top-section elementor-element elementor-element-7b9960f elementor-section-full_width elementor-section-height-full elementor-section-content-middle elementor-section-height-default elementor-section-items-middle\" data-id=\"7b9960f\" data-element_type=\"section\" data-e-type=\"section\" data-settings=\"{&quot;ekit_has_onepagescroll_dot&quot;:&quot;yes&quot;}\">\n\t\t\t\t\t\t\t<div class=\"elementor-background-overlay\"><\/div>\n\t\t\t\t\t\t\t<div class=\"elementor-container elementor-column-gap-default\">\n\t\t\t\t\t<div class=\"elementor-column elementor-col-100 elementor-top-column elementor-element elementor-element-b34f64d\" data-id=\"b34f64d\" data-element_type=\"column\" data-e-type=\"column\">\n\t\t\t<div class=\"elementor-widget-wrap elementor-element-populated\">\n\t\t\t\t\t\t<div class=\"elementor-element elementor-element-5344681 elementor-widget elementor-widget-heading\" data-id=\"5344681\" data-element_type=\"widget\" data-e-type=\"widget\" data-settings=\"{&quot;ekit_we_effect_on&quot;:&quot;none&quot;}\" data-widget_type=\"heading.default\">\n\t\t\t\t<div class=\"elementor-widget-container\">\n\t\t\t\t\t<h2 class=\"elementor-heading-title elementor-size-default\">FORTH\u0130NG ET5 EVO<\/h2>\t\t\t\t<\/div>\n\t\t\t\t<\/div>\n\t\t\t\t\t<\/div>\n\t\t<\/div>\n\t\t\t\t\t<\/div>\n\t\t<\/section>\n\t\t\t\t<section class=\"elementor-section elementor-top-section elementor-element elementor-element-2d612d2 elementor-section-full_width elementor-section-height-default elementor-section-height-default\" data-id=\"2d612d2\" data-element_type=\"section\" data-e-type=\"section\" data-settings=\"{&quot;background_background&quot;:&quot;classic&quot;,&quot;ekit_has_onepagescroll_dot&quot;:&quot;yes&quot;}\">\n\t\t\t\t\t\t<div class=\"elementor-container elementor-column-gap-default\">\n\t\t\t\t\t<div class=\"elementor-column elementor-col-100 elementor-top-column elementor-element elementor-element-c7c04c6\" data-id=\"c7c04c6\" data-element_type=\"column\" data-e-type=\"column\">\n\t\t\t<div class=\"elementor-widget-wrap elementor-element-populated\">\n\t\t\t\t\t\t<div class=\"elementor-element elementor-element-cd3f145 elementor-widget elementor-widget-elementskit-tab\" data-id=\"cd3f145\" data-element_type=\"widget\" data-e-type=\"widget\" data-settings=\"{&quot;ekit_we_effect_on&quot;:&quot;none&quot;}\" data-widget_type=\"elementskit-tab.default\">\n\t\t\t\t<div class=\"elementor-widget-container\">\n\t\t\t\t\t<div class=\"ekit-wid-con\" >        <div class=\"elementkit-tab-wraper   elementskit-fitcontent-tab \">\n            <ul class=\"nav nav-tabs elementkit-tab-nav \">\n                                    <li class=\"elementkit-nav-item elementor-repeater-item-1e89f37\">\n                        <a class=\"elementkit-nav-link  active right-pos\" id=\"content-1e89f3769f52a6f3051e-tab\" data-ekit-handler-id=\"gri\" data-ekit-toggle=\"tab\" data-target=\"#content-1e89f3769f52a6f3051e\" href=\"#content-1e89f3769f52a6f3051e\"\n                            data-ekit-toggle-trigger=\"mouseenter\"\n                            aria-describedby=\"content-1e89f3769f52a6f3051e\">\n                                                        <div class=\"ekit-tab-title-group\">\n                                                                <span class=\"elementskit-tab-title\">Gri<\/span>\n                            <\/div>\n                        <\/a>\n                    <\/li>\n                                        <li class=\"elementkit-nav-item elementor-repeater-item-5a4e291\">\n                        <a class=\"elementkit-nav-link  right-pos\" id=\"content-5a4e29169f52a6f3051e-tab\" data-ekit-handler-id=\"siyah\" data-ekit-toggle=\"tab\" data-target=\"#content-5a4e29169f52a6f3051e\" href=\"#content-5a4e29169f52a6f3051e\"\n                            data-ekit-toggle-trigger=\"mouseenter\"\n                            aria-describedby=\"content-5a4e29169f52a6f3051e\">\n                                                        <div class=\"ekit-tab-title-group\">\n                                                                <span class=\"elementskit-tab-title\">Siyah<\/span>\n                            <\/div>\n                        <\/a>\n                    <\/li>\n                                        <li class=\"elementkit-nav-item elementor-repeater-item-9d5e2fb\">\n                        <a class=\"elementkit-nav-link  right-pos\" id=\"content-9d5e2fb69f52a6f3051e-tab\" data-ekit-handler-id=\"ye-il\" data-ekit-toggle=\"tab\" data-target=\"#content-9d5e2fb69f52a6f3051e\" href=\"#content-9d5e2fb69f52a6f3051e\"\n                            data-ekit-toggle-trigger=\"mouseenter\"\n                            aria-describedby=\"content-9d5e2fb69f52a6f3051e\">\n                                                        <div class=\"ekit-tab-title-group\">\n                                                                <span class=\"elementskit-tab-title\">Ye\u015fil<\/span>\n                            <\/div>\n                        <\/a>\n                    <\/li>\n                                        <li class=\"elementkit-nav-item elementor-repeater-item-a6b859d\">\n                        <a class=\"elementkit-nav-link  right-pos\" id=\"content-a6b859d69f52a6f3051e-tab\" data-ekit-handler-id=\"k-rm-z-\" data-ekit-toggle=\"tab\" data-target=\"#content-a6b859d69f52a6f3051e\" href=\"#content-a6b859d69f52a6f3051e\"\n                            data-ekit-toggle-trigger=\"mouseenter\"\n                            aria-describedby=\"content-a6b859d69f52a6f3051e\">\n                                                        <div class=\"ekit-tab-title-group\">\n                                                                <span class=\"elementskit-tab-title\">K\u0131rm\u0131z\u0131<\/span>\n                            <\/div>\n                        <\/a>\n                    <\/li>\n                                <\/ul>\n\n            <div class=\"tab-content elementkit-tab-content\">\n                                    <div class=\"tab-pane elementkit-tab-pane elementor-repeater-item-1e89f37  active show\" id=\"content-1e89f3769f52a6f3051e\" role=\"tabpanel\"\n                         aria-labelledby=\"content-1e89f3769f52a6f3051e-tab\">\n                        <div class=\"animated fadeIn\">\n                            \n\t\t<div class=\"widgetarea_warper widgetarea_warper_editable\" data-elementskit-widgetarea-key=\"cd3f145\"  data-elementskit-widgetarea-index=\"1e89f37\">\n\t\t\t\n\t\t\t\n\t\t\t\t\t\t\t\t<div class=\"ekit-widget-area-container\">\n\t\t\t\t\t\t\t<div data-elementor-type=\"wp-post\" data-elementor-id=\"171\" class=\"elementor elementor-171\">\n\t\t\t\t\t\t<section class=\"elementor-section elementor-top-section elementor-element elementor-element-b16d1db elementor-section-boxed elementor-section-height-default elementor-section-height-default\" data-id=\"b16d1db\" data-element_type=\"section\" data-e-type=\"section\" data-settings=\"{&quot;ekit_has_onepagescroll_dot&quot;:&quot;yes&quot;}\">\n\t\t\t\t\t\t<div class=\"elementor-container elementor-column-gap-default\">\n\t\t\t\t\t<div class=\"elementor-column elementor-col-100 elementor-top-column elementor-element elementor-element-3f3634b\" data-id=\"3f3634b\" data-element_type=\"column\" data-e-type=\"column\">\n\t\t\t<div class=\"elementor-widget-wrap elementor-element-populated\">\n\t\t\t\t\t\t<div class=\"elementor-element elementor-element-647b8e6 elementor-widget elementor-widget-image\" data-id=\"647b8e6\" data-element_type=\"widget\" data-e-type=\"widget\" data-settings=\"{&quot;ekit_we_effect_on&quot;:&quot;none&quot;}\" data-widget_type=\"image.default\">\n\t\t\t\t<div class=\"elementor-widget-container\">\n\t\t\t\t\t\t\t\t\t\t\t\t\t\t\t<img fetchpriority=\"high\" decoding=\"async\" width=\"800\" height=\"315\" src=\"https:\/\/elektronotomotiv.com\/wp-content\/uploads\/2025\/05\/4-1024x403.png\" class=\"attachment-large size-large wp-image-172\" alt=\"\" srcset=\"https:\/\/elektronotomotiv.com\/wp-content\/uploads\/2025\/05\/4-1024x403.png 1024w, https:\/\/elektronotomotiv.com\/wp-content\/uploads\/2025\/05\/4-300x118.png 300w, https:\/\/elektronotomotiv.com\/wp-content\/uploads\/2025\/05\/4-768x303.png 768w, https:\/\/elektronotomotiv.com\/wp-content\/uploads\/2025\/05\/4.png 1340w\" sizes=\"(max-width: 800px) 100vw, 800px\" \/>\t\t\t\t\t\t\t\t\t\t\t\t\t\t\t<\/div>\n\t\t\t\t<\/div>\n\t\t\t\t\t<\/div>\n\t\t<\/div>\n\t\t\t\t\t<\/div>\n\t\t<\/section>\n\t\t\t\t<\/div>\n\t\t\t\t\t\t\t<\/div>\n\t\t\t\t\t\t<\/div>\n\t\t                        <\/div>\n                    <\/div>\n                                    <div class=\"tab-pane elementkit-tab-pane elementor-repeater-item-5a4e291 \" id=\"content-5a4e29169f52a6f3051e\" role=\"tabpanel\"\n                         aria-labelledby=\"content-5a4e29169f52a6f3051e-tab\">\n                        <div class=\"animated fadeIn\">\n                            \n\t\t<div class=\"widgetarea_warper widgetarea_warper_editable\" data-elementskit-widgetarea-key=\"cd3f145\"  data-elementskit-widgetarea-index=\"5a4e291\">\n\t\t\t\n\t\t\t\n\t\t\t\t\t\t\t\t<div class=\"ekit-widget-area-container\">\n\t\t\t\t\t\t\t<div data-elementor-type=\"wp-post\" data-elementor-id=\"180\" class=\"elementor elementor-180\">\n\t\t\t\t\t\t<section class=\"elementor-section elementor-top-section elementor-element elementor-element-362bc77 elementor-section-boxed elementor-section-height-default elementor-section-height-default\" data-id=\"362bc77\" data-element_type=\"section\" data-e-type=\"section\" data-settings=\"{&quot;ekit_has_onepagescroll_dot&quot;:&quot;yes&quot;}\">\n\t\t\t\t\t\t<div class=\"elementor-container elementor-column-gap-default\">\n\t\t\t\t\t<div class=\"elementor-column elementor-col-100 elementor-top-column elementor-element elementor-element-24be176\" data-id=\"24be176\" data-element_type=\"column\" data-e-type=\"column\">\n\t\t\t<div class=\"elementor-widget-wrap elementor-element-populated\">\n\t\t\t\t\t\t<div class=\"elementor-element elementor-element-6684d3e elementor-widget elementor-widget-image\" data-id=\"6684d3e\" data-element_type=\"widget\" data-e-type=\"widget\" data-settings=\"{&quot;ekit_we_effect_on&quot;:&quot;none&quot;}\" data-widget_type=\"image.default\">\n\t\t\t\t<div class=\"elementor-widget-container\">\n\t\t\t\t\t\t\t\t\t\t\t\t\t\t\t<img decoding=\"async\" width=\"800\" height=\"315\" src=\"http:\/\/elektronotomotiv.com\/wp-content\/uploads\/2025\/05\/8-1024x403.png\" class=\"attachment-large size-large wp-image-176\" alt=\"\" srcset=\"http:\/\/elektronotomotiv.com\/wp-content\/uploads\/2025\/05\/8-1024x403.png 1024w, http:\/\/elektronotomotiv.com\/wp-content\/uploads\/2025\/05\/8-300x118.png 300w, http:\/\/elektronotomotiv.com\/wp-content\/uploads\/2025\/05\/8-768x303.png 768w, http:\/\/elektronotomotiv.com\/wp-content\/uploads\/2025\/05\/8.png 1340w\" sizes=\"(max-width: 800px) 100vw, 800px\" \/>\t\t\t\t\t\t\t\t\t\t\t\t\t\t\t<\/div>\n\t\t\t\t<\/div>\n\t\t\t\t\t<\/div>\n\t\t<\/div>\n\t\t\t\t\t<\/div>\n\t\t<\/section>\n\t\t\t\t<\/div>\n\t\t\t\t\t\t\t<\/div>\n\t\t\t\t\t\t<\/div>\n\t\t                        <\/div>\n                    <\/div>\n                                    <div class=\"tab-pane elementkit-tab-pane elementor-repeater-item-9d5e2fb \" id=\"content-9d5e2fb69f52a6f3051e\" role=\"tabpanel\"\n                         aria-labelledby=\"content-9d5e2fb69f52a6f3051e-tab\">\n                        <div class=\"animated fadeIn\">\n                            \n\t\t<div class=\"widgetarea_warper widgetarea_warper_editable\" data-elementskit-widgetarea-key=\"cd3f145\"  data-elementskit-widgetarea-index=\"9d5e2fb\">\n\t\t\t\n\t\t\t\n\t\t\t\t\t\t\t\t<div class=\"ekit-widget-area-container\">\n\t\t\t\t\t\t\t<div data-elementor-type=\"wp-post\" data-elementor-id=\"187\" class=\"elementor elementor-187\">\n\t\t\t\t\t\t<section class=\"elementor-section elementor-top-section elementor-element elementor-element-fe5d24d elementor-section-boxed elementor-section-height-default elementor-section-height-default\" data-id=\"fe5d24d\" data-element_type=\"section\" data-e-type=\"section\" data-settings=\"{&quot;ekit_has_onepagescroll_dot&quot;:&quot;yes&quot;}\">\n\t\t\t\t\t\t<div class=\"elementor-container elementor-column-gap-default\">\n\t\t\t\t\t<div class=\"elementor-column elementor-col-100 elementor-top-column elementor-element elementor-element-a66e142\" data-id=\"a66e142\" data-element_type=\"column\" data-e-type=\"column\">\n\t\t\t<div class=\"elementor-widget-wrap elementor-element-populated\">\n\t\t\t\t\t\t<div class=\"elementor-element elementor-element-500233c elementor-widget elementor-widget-image\" data-id=\"500233c\" data-element_type=\"widget\" data-e-type=\"widget\" data-settings=\"{&quot;ekit_we_effect_on&quot;:&quot;none&quot;}\" data-widget_type=\"image.default\">\n\t\t\t\t<div class=\"elementor-widget-container\">\n\t\t\t\t\t\t\t\t\t\t\t\t\t\t\t<img decoding=\"async\" width=\"800\" height=\"315\" src=\"https:\/\/elektronotomotiv.com\/wp-content\/uploads\/2025\/05\/2-1-1024x403.png\" class=\"attachment-large size-large wp-image-174\" alt=\"\" srcset=\"https:\/\/elektronotomotiv.com\/wp-content\/uploads\/2025\/05\/2-1-1024x403.png 1024w, https:\/\/elektronotomotiv.com\/wp-content\/uploads\/2025\/05\/2-1-300x118.png 300w, https:\/\/elektronotomotiv.com\/wp-content\/uploads\/2025\/05\/2-1-768x303.png 768w, https:\/\/elektronotomotiv.com\/wp-content\/uploads\/2025\/05\/2-1.png 1340w\" sizes=\"(max-width: 800px) 100vw, 800px\" \/>\t\t\t\t\t\t\t\t\t\t\t\t\t\t\t<\/div>\n\t\t\t\t<\/div>\n\t\t\t\t\t<\/div>\n\t\t<\/div>\n\t\t\t\t\t<\/div>\n\t\t<\/section>\n\t\t\t\t<\/div>\n\t\t\t\t\t\t\t<\/div>\n\t\t\t\t\t\t<\/div>\n\t\t                        <\/div>\n                    <\/div>\n                                    <div class=\"tab-pane elementkit-tab-pane elementor-repeater-item-a6b859d \" id=\"content-a6b859d69f52a6f3051e\" role=\"tabpanel\"\n                         aria-labelledby=\"content-a6b859d69f52a6f3051e-tab\">\n                        <div class=\"animated fadeIn\">\n                            \n\t\t<div class=\"widgetarea_warper widgetarea_warper_editable\" data-elementskit-widgetarea-key=\"cd3f145\"  data-elementskit-widgetarea-index=\"a6b859d\">\n\t\t\t\n\t\t\t\n\t\t\t\t\t\t\t\t<div class=\"ekit-widget-area-container\">\n\t\t\t\t\t\t\t<div data-elementor-type=\"wp-post\" data-elementor-id=\"194\" class=\"elementor elementor-194\">\n\t\t\t\t\t\t<section class=\"elementor-section elementor-top-section elementor-element elementor-element-fae5c4e elementor-section-boxed elementor-section-height-default elementor-section-height-default\" data-id=\"fae5c4e\" data-element_type=\"section\" data-e-type=\"section\" data-settings=\"{&quot;ekit_has_onepagescroll_dot&quot;:&quot;yes&quot;}\">\n\t\t\t\t\t\t<div class=\"elementor-container elementor-column-gap-default\">\n\t\t\t\t\t<div class=\"elementor-column elementor-col-100 elementor-top-column elementor-element elementor-element-db8884b\" data-id=\"db8884b\" data-element_type=\"column\" data-e-type=\"column\">\n\t\t\t<div class=\"elementor-widget-wrap elementor-element-populated\">\n\t\t\t\t\t\t<div class=\"elementor-element elementor-element-57d540e elementor-widget elementor-widget-image\" data-id=\"57d540e\" data-element_type=\"widget\" data-e-type=\"widget\" data-settings=\"{&quot;ekit_we_effect_on&quot;:&quot;none&quot;}\" data-widget_type=\"image.default\">\n\t\t\t\t<div class=\"elementor-widget-container\">\n\t\t\t\t\t\t\t\t\t\t\t\t\t\t\t<img loading=\"lazy\" decoding=\"async\" width=\"800\" height=\"315\" src=\"https:\/\/elektronotomotiv.com\/wp-content\/uploads\/2025\/05\/3-1024x403.png\" class=\"attachment-large size-large wp-image-173\" alt=\"\" srcset=\"https:\/\/elektronotomotiv.com\/wp-content\/uploads\/2025\/05\/3-1024x403.png 1024w, https:\/\/elektronotomotiv.com\/wp-content\/uploads\/2025\/05\/3-300x118.png 300w, https:\/\/elektronotomotiv.com\/wp-content\/uploads\/2025\/05\/3-768x303.png 768w, https:\/\/elektronotomotiv.com\/wp-content\/uploads\/2025\/05\/3.png 1340w\" sizes=\"(max-width: 800px) 100vw, 800px\" \/>\t\t\t\t\t\t\t\t\t\t\t\t\t\t\t<\/div>\n\t\t\t\t<\/div>\n\t\t\t\t\t<\/div>\n\t\t<\/div>\n\t\t\t\t\t<\/div>\n\t\t<\/section>\n\t\t\t\t<\/div>\n\t\t\t\t\t\t\t<\/div>\n\t\t\t\t\t\t<\/div>\n\t\t                        <\/div>\n                    <\/div>\n                            <\/div>\n        <\/div>\n    <\/div>\t\t\t\t<\/div>\n\t\t\t\t<\/div>\n\t\t\t\t\t<\/div>\n\t\t<\/div>\n\t\t\t\t\t<\/div>\n\t\t<\/section>\n\t\t\t\t<section class=\"elementor-section elementor-top-section elementor-element elementor-element-befa7b6 elementor-section-boxed elementor-section-height-default elementor-section-height-default\" data-id=\"befa7b6\" data-element_type=\"section\" data-e-type=\"section\" data-settings=\"{&quot;ekit_has_onepagescroll_dot&quot;:&quot;yes&quot;}\">\n\t\t\t\t\t\t<div class=\"elementor-container elementor-column-gap-default\">\n\t\t\t\t\t<div class=\"elementor-column elementor-col-50 elementor-top-column elementor-element elementor-element-72b58c3\" data-id=\"72b58c3\" data-element_type=\"column\" data-e-type=\"column\">\n\t\t\t<div class=\"elementor-widget-wrap elementor-element-populated\">\n\t\t\t\t\t\t<div class=\"elementor-element elementor-element-ec7f2b3 elementor-widget elementor-widget-image\" data-id=\"ec7f2b3\" data-element_type=\"widget\" data-e-type=\"widget\" data-settings=\"{&quot;ekit_we_effect_on&quot;:&quot;none&quot;}\" data-widget_type=\"image.default\">\n\t\t\t\t<div class=\"elementor-widget-container\">\n\t\t\t\t\t\t\t\t\t\t\t\t\t\t\t<img loading=\"lazy\" decoding=\"async\" width=\"800\" height=\"613\" src=\"https:\/\/elektronotomotiv.com\/wp-content\/uploads\/2025\/06\/motor-1024x785-1.jpg\" class=\"attachment-large size-large wp-image-250\" alt=\"\" srcset=\"https:\/\/elektronotomotiv.com\/wp-content\/uploads\/2025\/06\/motor-1024x785-1.jpg 1024w, https:\/\/elektronotomotiv.com\/wp-content\/uploads\/2025\/06\/motor-1024x785-1-300x230.jpg 300w, https:\/\/elektronotomotiv.com\/wp-content\/uploads\/2025\/06\/motor-1024x785-1-768x589.jpg 768w\" sizes=\"(max-width: 800px) 100vw, 800px\" \/>\t\t\t\t\t\t\t\t\t\t\t\t\t\t\t<\/div>\n\t\t\t\t<\/div>\n\t\t\t\t\t<\/div>\n\t\t<\/div>\n\t\t\t\t<div class=\"elementor-column elementor-col-50 elementor-top-column elementor-element elementor-element-c915538\" data-id=\"c915538\" data-element_type=\"column\" data-e-type=\"column\">\n\t\t\t<div class=\"elementor-widget-wrap elementor-element-populated\">\n\t\t\t\t\t\t<div class=\"elementor-element elementor-element-77979be elementor-widget elementor-widget-image\" data-id=\"77979be\" data-element_type=\"widget\" data-e-type=\"widget\" data-settings=\"{&quot;ekit_we_effect_on&quot;:&quot;none&quot;}\" data-widget_type=\"image.default\">\n\t\t\t\t<div class=\"elementor-widget-container\">\n\t\t\t\t\t\t\t\t\t\t\t\t\t\t\t<img loading=\"lazy\" decoding=\"async\" width=\"800\" height=\"613\" src=\"https:\/\/elektronotomotiv.com\/wp-content\/uploads\/2025\/06\/motor-2-1024x785-1.jpg\" class=\"attachment-large size-large wp-image-251\" alt=\"\" srcset=\"https:\/\/elektronotomotiv.com\/wp-content\/uploads\/2025\/06\/motor-2-1024x785-1.jpg 1024w, https:\/\/elektronotomotiv.com\/wp-content\/uploads\/2025\/06\/motor-2-1024x785-1-300x230.jpg 300w, https:\/\/elektronotomotiv.com\/wp-content\/uploads\/2025\/06\/motor-2-1024x785-1-768x589.jpg 768w\" sizes=\"(max-width: 800px) 100vw, 800px\" \/>\t\t\t\t\t\t\t\t\t\t\t\t\t\t\t<\/div>\n\t\t\t\t<\/div>\n\t\t\t\t\t<\/div>\n\t\t<\/div>\n\t\t\t\t\t<\/div>\n\t\t<\/section>\n\t\t\t\t<section class=\"elementor-section elementor-top-section elementor-element elementor-element-176118b elementor-section-full_width elementor-section-height-min-height elementor-section-height-default elementor-section-items-middle\" data-id=\"176118b\" data-element_type=\"section\" data-e-type=\"section\" data-settings=\"{&quot;ekit_has_onepagescroll_dot&quot;:&quot;yes&quot;}\">\n\t\t\t\t\t\t\t<div class=\"elementor-background-overlay\"><\/div>\n\t\t\t\t\t\t\t<div class=\"elementor-container elementor-column-gap-default\">\n\t\t\t\t\t<div class=\"elementor-column elementor-col-50 elementor-top-column elementor-element elementor-element-2ad6fcb\" data-id=\"2ad6fcb\" data-element_type=\"column\" data-e-type=\"column\">\n\t\t\t<div class=\"elementor-widget-wrap elementor-element-populated\">\n\t\t\t\t\t\t<div class=\"elementor-element elementor-element-b2b016d elementor-widget elementor-widget-heading\" data-id=\"b2b016d\" data-element_type=\"widget\" data-e-type=\"widget\" data-settings=\"{&quot;ekit_we_effect_on&quot;:&quot;none&quot;}\" data-widget_type=\"heading.default\">\n\t\t\t\t<div class=\"elementor-widget-container\">\n\t\t\t\t\t<h1 class=\"elementor-heading-title elementor-size-default\">Forthing T5 Evo<\/h1>\t\t\t\t<\/div>\n\t\t\t\t<\/div>\n\t\t\t\t<section class=\"elementor-section elementor-inner-section elementor-element elementor-element-4a66105 elementor-section-boxed elementor-section-height-default elementor-section-height-default\" data-id=\"4a66105\" data-element_type=\"section\" data-e-type=\"section\" data-settings=\"{&quot;ekit_has_onepagescroll_dot&quot;:&quot;yes&quot;}\">\n\t\t\t\t\t\t<div class=\"elementor-container elementor-column-gap-default\">\n\t\t\t\t\t<div class=\"elementor-column elementor-col-50 elementor-inner-column elementor-element elementor-element-b2ea791\" data-id=\"b2ea791\" data-element_type=\"column\" data-e-type=\"column\">\n\t\t\t<div class=\"elementor-widget-wrap elementor-element-populated\">\n\t\t\t\t\t\t<div class=\"elementor-element elementor-element-06bdccd elementor-widget elementor-widget-heading\" data-id=\"06bdccd\" data-element_type=\"widget\" data-e-type=\"widget\" data-settings=\"{&quot;ekit_we_effect_on&quot;:&quot;none&quot;}\" data-widget_type=\"heading.default\">\n\t\t\t\t<div class=\"elementor-widget-container\">\n\t\t\t\t\t<h2 class=\"elementor-heading-title elementor-size-default\">37 Smart Storage Deep-sea <br>NVH Silence System<\/span><br>Immersive First Class Seats<br>Natural Eco-friendly Space<\/span><br>All-round Convenience<br>Light Luxury and Stylish Interior<span style=\"font-family: Montserrat, sans-serif;font-weight: 400\"><\/span><\/h2>\t\t\t\t<\/div>\n\t\t\t\t<\/div>\n\t\t\t\t\t<\/div>\n\t\t<\/div>\n\t\t\t\t<div class=\"elementor-column elementor-col-50 elementor-inner-column elementor-element elementor-element-d8b4966\" data-id=\"d8b4966\" data-element_type=\"column\" data-e-type=\"column\">\n\t\t\t<div class=\"elementor-widget-wrap elementor-element-populated\">\n\t\t\t\t\t\t<div class=\"elementor-element elementor-element-9cc576c elementor-widget elementor-widget-heading\" data-id=\"9cc576c\" data-element_type=\"widget\" data-e-type=\"widget\" data-settings=\"{&quot;ekit_we_effect_on&quot;:&quot;none&quot;}\" data-widget_type=\"heading.default\">\n\t\t\t\t<div class=\"elementor-widget-container\">\n\t\t\t\t\t<h2 class=\"elementor-heading-title elementor-size-default\">FUTURELINK4.0 Smartlink System\n<br>L2+ Intelligent ADAS System\n<br>HD Panoramic Viewing System\n<br>Intelligent Automatic Parking System\n<br>8 Personalized Colors\n<br>Starry and Fancy Lighting Sets<\/h2>\t\t\t\t<\/div>\n\t\t\t\t<\/div>\n\t\t\t\t\t<\/div>\n\t\t<\/div>\n\t\t\t\t\t<\/div>\n\t\t<\/section>\n\t\t\t\t\t<\/div>\n\t\t<\/div>\n\t\t\t\t<div class=\"elementor-column elementor-col-50 elementor-top-column elementor-element elementor-element-62e64bf\" data-id=\"62e64bf\" data-element_type=\"column\" data-e-type=\"column\">\n\t\t\t<div class=\"elementor-widget-wrap\">\n\t\t\t\t\t\t\t<\/div>\n\t\t<\/div>\n\t\t\t\t\t<\/div>\n\t\t<\/section>\n\t\t\t\t<\/div>\n\t\t","protected":false},"excerpt":{"rendered":"<p>FORTH\u0130NG ET5 EVO Gri Siyah Ye\u015fil K\u0131rm\u0131z\u0131 Edit Content Edit Content Edit Content Edit Content Forthing T5 Evo 37 Smart Storage Deep-sea NVH Silence SystemImmersive First Class SeatsNatural Eco-friendly SpaceAll-round ConvenienceLight Luxury and Stylish Interior FUTURELINK4.0 Smartlink System L2+ Intelligent ADAS System HD Panoramic Viewing System Intelligent Automatic Parking System 8 Personalized Colors Starry and [&hellip;]<\/p>\n","protected":false},"author":1,"featured_media":0,"parent":0,"menu_order":0,"comment_status":"closed","ping_status":"closed","template":"","meta":{"footnotes":""},"class_list":["post-164","page","type-page","status-publish","hentry"],"_links":{"self":[{"href":"http:\/\/elektronotomotiv.com\/index.php\/wp-json\/wp\/v2\/pages\/164","targetHints":{"allow":["GET"]}}],"collection":[{"href":"http:\/\/elektronotomotiv.com\/index.php\/wp-json\/wp\/v2\/pages"}],"about":[{"href":"http:\/\/elektronotomotiv.com\/index.php\/wp-json\/wp\/v2\/types\/page"}],"author":[{"embeddable":true,"href":"http:\/\/elektronotomotiv.com\/index.php\/wp-json\/wp\/v2\/users\/1"}],"replies":[{"embeddable":true,"href":"http:\/\/elektronotomotiv.com\/index.php\/wp-json\/wp\/v2\/comments?post=164"}],"version-history":[{"count":106,"href":"http:\/\/elektronotomotiv.com\/index.php\/wp-json\/wp\/v2\/pages\/164\/revisions"}],"predecessor-version":[{"id":303,"href":"http:\/\/elektronotomotiv.com\/index.php\/wp-json\/wp\/v2\/pages\/164\/revisions\/303"}],"wp:attachment":[{"href":"http:\/\/elektronotomotiv.com\/index.php\/wp-json\/wp\/v2\/media?parent=164"}],"curies":[{"name":"wp","href":"https:\/\/api.w.org\/{rel}","templated":true}]}}